{"id":324,"date":"2019-02-12T01:29:05","date_gmt":"2019-02-12T01:29:05","guid":{"rendered":"https:\/\/academy.capturetheatlas.com\/index.php\/my-account\/"},"modified":"2021-06-11T11:37:13","modified_gmt":"2021-06-11T11:37:13","slug":"my-account","status":"publish","type":"page","link":"https:\/\/academy.capturetheatlas.com\/es\/my-account\/","title":{"rendered":"My Account"},"content":{"rendered":"\t\t<div data-elementor-type=\"wp-post\" data-elementor-id=\"324\" class=\"elementor elementor-324\" data-elementor-post-type=\"page\">\n\t\t\t\t\t\t<section class=\"elementor-section elementor-top-section elementor-element elementor-element-32cc8b1e elementor-section-boxed elementor-section-height-default elementor-section-height-default\" data-id=\"32cc8b1e\" data-element_type=\"section\" data-settings=\"{&quot;background_background&quot;:&quot;classic&quot;,&quot;jet_parallax_layout_list&quot;:[]}\">\n\t\t\t\t\t\t<div class=\"elementor-container elementor-column-gap-default\">\n\t\t\t\t\t<div class=\"elementor-column elementor-col-100 elementor-top-column elementor-element elementor-element-207fde47\" data-id=\"207fde47\" data-element_type=\"column\">\n\t\t\t<div class=\"elementor-widget-wrap elementor-element-populated\">\n\t\t\t\t\t\t<div class=\"elementor-element elementor-element-c7c2daf elementor-widget elementor-widget-heading\" data-id=\"c7c2daf\" data-element_type=\"widget\" data-widget_type=\"heading.default\">\n\t\t\t\t<div class=\"elementor-widget-container\">\n\t\t\t<h2 class=\"elementor-heading-title elementor-size-xxl\">Mi cuenta<\/h2>\t\t<\/div>\n\t\t\t\t<\/div>\n\t\t\t\t\t<\/div>\n\t\t<\/div>\n\t\t\t\t\t<\/div>\n\t\t<\/section>\n\t\t\t\t<section class=\"elementor-section elementor-top-section elementor-element elementor-element-e6d3c76 elementor-section-content-middle elementor-section-boxed elementor-section-height-default elementor-section-height-default\" data-id=\"e6d3c76\" data-element_type=\"section\" data-settings=\"{&quot;background_background&quot;:&quot;classic&quot;,&quot;jet_parallax_layout_list&quot;:[]}\">\n\t\t\t\t\t\t<div class=\"elementor-container elementor-column-gap-default\">\n\t\t\t\t\t<div class=\"elementor-column elementor-col-100 elementor-top-column elementor-element elementor-element-681449d5\" data-id=\"681449d5\" data-element_type=\"column\">\n\t\t\t<div class=\"elementor-widget-wrap elementor-element-populated\">\n\t\t\t\t\t\t<div class=\"elementor-element elementor-element-1726973e elementor-widget elementor-widget-shortcode\" data-id=\"1726973e\" data-element_type=\"widget\" data-widget_type=\"shortcode.default\">\n\t\t\t\t<div class=\"elementor-widget-container\">\n\t\t\t\t\t<div class=\"elementor-shortcode\"><\/div>\n\t\t\t\t<\/div>\n\t\t\t\t<\/div>\n\t\t\t\t<section class=\"elementor-section elementor-inner-section elementor-element elementor-element-3411718 elementor-section-full_width elementor-section-height-default elementor-section-height-default\" data-id=\"3411718\" data-element_type=\"section\" data-settings=\"{&quot;jet_parallax_layout_list&quot;:[]}\">\n\t\t\t\t\t\t<div class=\"elementor-container elementor-column-gap-default\">\n\t\t\t\t\t<div class=\"elementor-column elementor-col-100 elementor-inner-column elementor-element elementor-element-29065c8\" data-id=\"29065c8\" data-element_type=\"column\">\n\t\t\t<div class=\"elementor-widget-wrap elementor-element-populated\">\n\t\t\t\t\t\t<div class=\"elementor-element elementor-element-d7b674a elementor-widget elementor-widget-shortcode\" data-id=\"d7b674a\" data-element_type=\"widget\" data-widget_type=\"shortcode.default\">\n\t\t\t\t<div class=\"elementor-widget-container\">\n\t\t\t\t\t<div class=\"elementor-shortcode\"><div class=\"learndash-wrapper\"><a class=\"ld-login ld-login ld-login-text ld-login-button ld-button\" href=\"#login\"><span class=\"ld-icon ld-icon-login ld-icon-left\"><\/span>Iniciar sesi\u00f3n<\/a><\/div><\/div>\n\t\t\t\t<\/div>\n\t\t\t\t<\/div>\n\t\t\t\t\t<\/div>\n\t\t<\/div>\n\t\t\t\t\t<\/div>\n\t\t<\/section>\n\t\t\t\t\t<\/div>\n\t\t<\/div>\n\t\t\t\t\t<\/div>\n\t\t<\/section>\n\t\t\t\t<section class=\"elementor-section elementor-top-section elementor-element elementor-element-715ce554 elementor-section-boxed elementor-section-height-default elementor-section-height-default\" data-id=\"715ce554\" data-element_type=\"section\" data-settings=\"{&quot;background_background&quot;:&quot;classic&quot;,&quot;jet_parallax_layout_list&quot;:[]}\">\n\t\t\t\t\t\t<div class=\"elementor-container elementor-column-gap-default\">\n\t\t\t\t\t<div class=\"elementor-column elementor-col-100 elementor-top-column elementor-element elementor-element-29407310\" data-id=\"29407310\" data-element_type=\"column\">\n\t\t\t<div class=\"elementor-widget-wrap elementor-element-populated\">\n\t\t\t\t\t\t<div class=\"elementor-element elementor-element-2b727daf elementor-widget elementor-widget-image-box\" data-id=\"2b727daf\" data-element_type=\"widget\" data-widget_type=\"image-box.default\">\n\t\t\t\t<div class=\"elementor-widget-container\">\n\t\t\t<div class=\"elementor-image-box-wrapper\"><div class=\"elementor-image-box-content\"><h2 class=\"elementor-image-box-title\">Our Most Popular Courses<\/h2><p class=\"elementor-image-box-description\">Lorem ipsum dolor sit amet, consectetur adipiscing elit. Ut elit tellus, luctus nec ullamcorper mattis.<\/p><\/div><\/div>\t\t<\/div>\n\t\t\t\t<\/div>\n\t\t\t\t<div class=\"elementor-element elementor-element-27ccdd0e elementor-widget elementor-widget-shortcode\" data-id=\"27ccdd0e\" data-element_type=\"widget\" data-widget_type=\"shortcode.default\">\n\t\t\t\t<div class=\"elementor-widget-container\">\n\t\t\t\t\t<div class=\"elementor-shortcode\"><div id=\"ld-course-list-content-2064e2db5bf8930c45be50235365e12c\" class=\"ld-course-list-content\" data-shortcode-atts=\"{&quot;categoryselector&quot;:&quot;true&quot;,&quot;progress_bar&quot;:&quot;true&quot;,&quot;order&quot;:&quot;asc&quot;,&quot;col&quot;:&quot;3&quot;}\">\n\t\t\t<div class=\"ld-course-list-items row\">\n\t<!-- LearnDash Course Grid v1 --><div class=\"ld_course_grid col-sm-8 col-md-4 \">\n\t<article id=\"post-25447\" class=\" thumbnail course post-25447 sfwd-courses type-sfwd-courses status-publish has-post-thumbnail hentry ld_course_category-via-lactea ld_course_tag-milky-es\">\n\t\t\t\t\t\t\t\t<div class=\"ribbon\">\n\t\t\t\t180\u20ac\t\t\t<\/div>\n\t\t\t\n\t\t\t\t\t\t<a href=\"https:\/\/academy.capturetheatlas.com\/es\/courses\/curso-basico-fotografia-de-via-lactea\/\" rel=\"bookmark\">\n\t\t\t\t<img fetchpriority=\"high\" decoding=\"async\" width=\"300\" height=\"182\" src=\"https:\/\/academy.capturetheatlas.com\/wp-content\/uploads\/2021\/06\/Milky-Way-Death-Valley-floor-300x182.jpg\" class=\"attachment-medium size-medium wp-post-image\" alt=\"\" srcset=\"https:\/\/academy.capturetheatlas.com\/wp-content\/uploads\/2021\/06\/Milky-Way-Death-Valley-floor-300x182.jpg 300w, https:\/\/academy.capturetheatlas.com\/wp-content\/uploads\/2021\/06\/Milky-Way-Death-Valley-floor-600x364.jpg 600w, https:\/\/academy.capturetheatlas.com\/wp-content\/uploads\/2021\/06\/Milky-Way-Death-Valley-floor-1024x621.jpg 1024w, https:\/\/academy.capturetheatlas.com\/wp-content\/uploads\/2021\/06\/Milky-Way-Death-Valley-floor-768x466.jpg 768w, https:\/\/academy.capturetheatlas.com\/wp-content\/uploads\/2021\/06\/Milky-Way-Death-Valley-floor-1536x932.jpg 1536w, https:\/\/academy.capturetheatlas.com\/wp-content\/uploads\/2021\/06\/Milky-Way-Death-Valley-floor-400x243.jpg 400w, https:\/\/academy.capturetheatlas.com\/wp-content\/uploads\/2021\/06\/Milky-Way-Death-Valley-floor.jpg 1780w\" sizes=\"(max-width: 300px) 100vw, 300px\" \/>\t\t\t<\/a>\n\t\t\t\t\t\n\t\t\t\t\t<div class=\"caption\">\n\t\t\t\t<h3 class=\"entry-title\">M\u00f3dulo B\u00e1sico Fotograf\u00eda de V\u00eda L\u00e1ctea<\/h3>\n\t\t\t\t\t\t\t\t<div class=\"ld_course_grid_button\"><a class=\"btn btn-primary\" role=\"button\" href=\"https:\/\/academy.capturetheatlas.com\/es\/courses\/curso-basico-fotografia-de-via-lactea\/\" rel=\"bookmark\">Enroll Now<\/a><\/div>\n\t\t\t\t\t\t\t\t\t\t\t\t\t\t\t\t\t\t\t\t\t\t\t\t\t\t\t<\/div><!-- .entry-header -->\n\t\t\t<\/article><!-- #post-## -->\n<\/div><!-- .ld_course_grid -->\n<!-- LearnDash Course Grid v1 --><div class=\"ld_course_grid col-sm-8 col-md-4 \">\n\t<article id=\"post-25587\" class=\" thumbnail course post-25587 sfwd-courses type-sfwd-courses status-publish has-post-thumbnail hentry ld_course_category-via-lactea ld_course_tag-milky-es\">\n\t\t\t\t\t\t\t\t<div class=\"ribbon\">\n\t\t\t\t270\u20ac\t\t\t<\/div>\n\t\t\t\n\t\t\t\t\t\t<a href=\"https:\/\/academy.capturetheatlas.com\/es\/courses\/curso-avanzado-fotografia-de-via-lactea\/\" rel=\"bookmark\">\n\t\t\t\t<img decoding=\"async\" width=\"300\" height=\"187\" src=\"https:\/\/academy.capturetheatlas.com\/wp-content\/uploads\/2021\/06\/Torre-de-control-300x187.jpg\" class=\"attachment-medium size-medium wp-post-image\" alt=\"\" srcset=\"https:\/\/academy.capturetheatlas.com\/wp-content\/uploads\/2021\/06\/Torre-de-control-300x187.jpg 300w, https:\/\/academy.capturetheatlas.com\/wp-content\/uploads\/2021\/06\/Torre-de-control-600x375.jpg 600w, https:\/\/academy.capturetheatlas.com\/wp-content\/uploads\/2021\/06\/Torre-de-control-1024x640.jpg 1024w, https:\/\/academy.capturetheatlas.com\/wp-content\/uploads\/2021\/06\/Torre-de-control-768x480.jpg 768w, https:\/\/academy.capturetheatlas.com\/wp-content\/uploads\/2021\/06\/Torre-de-control-1536x960.jpg 1536w, https:\/\/academy.capturetheatlas.com\/wp-content\/uploads\/2021\/06\/Torre-de-control-400x250.jpg 400w, https:\/\/academy.capturetheatlas.com\/wp-content\/uploads\/2021\/06\/Torre-de-control.jpg 1901w\" sizes=\"(max-width: 300px) 100vw, 300px\" \/>\t\t\t<\/a>\n\t\t\t\t\t\n\t\t\t\t\t<div class=\"caption\">\n\t\t\t\t<h3 class=\"entry-title\">M\u00f3dulo Avanzado Fotograf\u00eda de V\u00eda L\u00e1ctea<\/h3>\n\t\t\t\t\t\t\t\t<div class=\"ld_course_grid_button\"><a class=\"btn btn-primary\" role=\"button\" href=\"https:\/\/academy.capturetheatlas.com\/es\/courses\/curso-avanzado-fotografia-de-via-lactea\/\" rel=\"bookmark\">Enroll Now<\/a><\/div>\n\t\t\t\t\t\t\t\t\t\t\t\t\t\t\t\t\t\t\t\t\t\t\t\t\t\t\t<\/div><!-- .entry-header -->\n\t\t\t<\/article><!-- #post-## -->\n<\/div><!-- .ld_course_grid -->\n<!-- LearnDash Course Grid v1 --><div class=\"ld_course_grid col-sm-8 col-md-4 \">\n\t<article id=\"post-25761\" class=\" thumbnail course post-25761 sfwd-courses type-sfwd-courses status-publish has-post-thumbnail hentry ld_course_category-via-lactea ld_course_tag-milky-es\">\n\t\t\t\t\t\t\t\t<div class=\"ribbon\">\n\t\t\t\t365\u20ac\t\t\t<\/div>\n\t\t\t\n\t\t\t\t\t\t<a href=\"https:\/\/academy.capturetheatlas.com\/es\/courses\/curso-pro-tracking-fotografia-de-via-lactea\/\" rel=\"bookmark\">\n\t\t\t\t<img decoding=\"async\" width=\"300\" height=\"193\" src=\"https:\/\/academy.capturetheatlas.com\/wp-content\/uploads\/2021\/06\/Death-Valley-Milky-Way-Mud-Cracks-300x193.jpg\" class=\"attachment-medium size-medium wp-post-image\" alt=\"\" srcset=\"https:\/\/academy.capturetheatlas.com\/wp-content\/uploads\/2021\/06\/Death-Valley-Milky-Way-Mud-Cracks-300x193.jpg 300w, https:\/\/academy.capturetheatlas.com\/wp-content\/uploads\/2021\/06\/Death-Valley-Milky-Way-Mud-Cracks-600x387.jpg 600w, https:\/\/academy.capturetheatlas.com\/wp-content\/uploads\/2021\/06\/Death-Valley-Milky-Way-Mud-Cracks-1024x660.jpg 1024w, https:\/\/academy.capturetheatlas.com\/wp-content\/uploads\/2021\/06\/Death-Valley-Milky-Way-Mud-Cracks-768x495.jpg 768w, https:\/\/academy.capturetheatlas.com\/wp-content\/uploads\/2021\/06\/Death-Valley-Milky-Way-Mud-Cracks-1536x990.jpg 1536w, https:\/\/academy.capturetheatlas.com\/wp-content\/uploads\/2021\/06\/Death-Valley-Milky-Way-Mud-Cracks-400x258.jpg 400w, https:\/\/academy.capturetheatlas.com\/wp-content\/uploads\/2021\/06\/Death-Valley-Milky-Way-Mud-Cracks.jpg 1900w\" sizes=\"(max-width: 300px) 100vw, 300px\" \/>\t\t\t<\/a>\n\t\t\t\t\t\n\t\t\t\t\t<div class=\"caption\">\n\t\t\t\t<h3 class=\"entry-title\">M\u00f3dulo Pro Tracking Fotograf\u00eda de V\u00eda L\u00e1ctea<\/h3>\n\t\t\t\t\t\t\t\t<div class=\"ld_course_grid_button\"><a class=\"btn btn-primary\" role=\"button\" href=\"https:\/\/academy.capturetheatlas.com\/es\/courses\/curso-pro-tracking-fotografia-de-via-lactea\/\" rel=\"bookmark\">Enroll Now<\/a><\/div>\n\t\t\t\t\t\t\t\t\t\t\t\t\t\t\t\t\t\t\t\t\t\t\t\t\t\t\t<\/div><!-- .entry-header -->\n\t\t\t<\/article><!-- #post-## -->\n<\/div><!-- .ld_course_grid -->\n<!-- LearnDash Course Grid v1 --><div class=\"ld_course_grid col-sm-8 col-md-4 \">\n\t<article id=\"post-30353\" class=\" thumbnail course post-30353 sfwd-courses type-sfwd-courses status-publish has-post-thumbnail hentry\">\n\t\t\t\t\t\n\t\t\t\t\t\t<a href=\"https:\/\/academy.capturetheatlas.com\/es\/courses\/curso-edicion-paisajes-dramaticos\/\" rel=\"bookmark\">\n\t\t\t\t<img loading=\"lazy\" decoding=\"async\" width=\"300\" height=\"195\" src=\"https:\/\/academy.capturetheatlas.com\/wp-content\/uploads\/2022\/08\/Aletschgletcher-glacier-Swiss-Alps-photo-tour-300x195.jpg\" class=\"attachment-medium size-medium wp-post-image\" alt=\"\" srcset=\"https:\/\/academy.capturetheatlas.com\/wp-content\/uploads\/2022\/08\/Aletschgletcher-glacier-Swiss-Alps-photo-tour-300x195.jpg 300w, https:\/\/academy.capturetheatlas.com\/wp-content\/uploads\/2022\/08\/Aletschgletcher-glacier-Swiss-Alps-photo-tour-600x389.jpg 600w, https:\/\/academy.capturetheatlas.com\/wp-content\/uploads\/2022\/08\/Aletschgletcher-glacier-Swiss-Alps-photo-tour-768x498.jpg 768w, https:\/\/academy.capturetheatlas.com\/wp-content\/uploads\/2022\/08\/Aletschgletcher-glacier-Swiss-Alps-photo-tour-400x260.jpg 400w, https:\/\/academy.capturetheatlas.com\/wp-content\/uploads\/2022\/08\/Aletschgletcher-glacier-Swiss-Alps-photo-tour.jpg 900w\" sizes=\"(max-width: 300px) 100vw, 300px\" \/>\t\t\t<\/a>\n\t\t\t\t\t\n\t\t\t\t\t<div class=\"caption\">\n\t\t\t\t<h3 class=\"entry-title\">Curso edici\u00f3n paisajes dram\u00e1ticos<\/h3>\n\t\t\t\t\t\t\t\t<div class=\"ld_course_grid_button\"><a class=\"btn btn-primary\" role=\"button\" href=\"https:\/\/academy.capturetheatlas.com\/es\/courses\/curso-edicion-paisajes-dramaticos\/\" rel=\"bookmark\">Enroll Now<\/a><\/div>\n\t\t\t\t\t\t\t\t\t\t\t\t\t\t\t\t\t\t\t\t\t\t\t\t\t\t\t<\/div><!-- .entry-header -->\n\t\t\t<\/article><!-- #post-## -->\n<\/div><!-- .ld_course_grid -->\n<!-- LearnDash Course Grid v1 --><div class=\"ld_course_grid col-sm-8 col-md-4 \">\n\t<article id=\"post-34046\" class=\" thumbnail course post-34046 sfwd-courses type-sfwd-courses status-publish has-post-thumbnail hentry ld_course_category-via-lactea ld_course_tag-milky-es\">\n\t\t\t\t\t\t\t\t<div class=\"ribbon\">\n\t\t\t\t178\u20ac\t\t\t<\/div>\n\t\t\t\n\t\t\t\t\t\t<a href=\"https:\/\/academy.capturetheatlas.com\/es\/courses\/curso-benro-polaris\/\" rel=\"bookmark\">\n\t\t\t\t<img loading=\"lazy\" decoding=\"async\" width=\"300\" height=\"169\" src=\"https:\/\/academy.capturetheatlas.com\/wp-content\/uploads\/2020\/03\/Mungo-V2-300x169.jpg\" class=\"attachment-medium size-medium wp-post-image\" alt=\"\" srcset=\"https:\/\/academy.capturetheatlas.com\/wp-content\/uploads\/2020\/03\/Mungo-V2-300x169.jpg 300w, https:\/\/academy.capturetheatlas.com\/wp-content\/uploads\/2020\/03\/Mungo-V2-768x432.jpg 768w, https:\/\/academy.capturetheatlas.com\/wp-content\/uploads\/2020\/03\/Mungo-V2-600x338.jpg 600w, https:\/\/academy.capturetheatlas.com\/wp-content\/uploads\/2020\/03\/Mungo-V2.jpg 899w\" sizes=\"(max-width: 300px) 100vw, 300px\" \/>\t\t\t<\/a>\n\t\t\t\t\t\n\t\t\t\t\t<div class=\"caption\">\n\t\t\t\t<h3 class=\"entry-title\">Curso Benro Polaris<\/h3>\n\t\t\t\t\t\t\t\t<div class=\"ld_course_grid_button\"><a class=\"btn btn-primary\" role=\"button\" href=\"https:\/\/academy.capturetheatlas.com\/es\/courses\/curso-benro-polaris\/\" rel=\"bookmark\">Enroll Now<\/a><\/div>\n\t\t\t\t\t\t\t\t\t\t\t\t\t\t\t\t\t\t\t\t\t\t\t\t\t\t\t<\/div><!-- .entry-header -->\n\t\t\t<\/article><!-- #post-## -->\n<\/div><!-- .ld_course_grid -->\n\t<\/div>\n\t\t\t<\/div>\n\t\t<\/div>\n\t\t\t\t<\/div>\n\t\t\t\t<\/div>\n\t\t\t\t\t<\/div>\n\t\t<\/div>\n\t\t\t\t\t<\/div>\n\t\t<\/section>\n\t\t\t\t<\/div>\n\t\t","protected":false},"excerpt":{"rendered":"<p>Mi cuenta Our Most Popular Courses Lorem ipsum dolor sit amet, consectetur adipiscing elit. Ut elit tellus, luctus nec ullamcorper mattis.<\/p>\n","protected":false},"author":1,"featured_media":0,"parent":0,"menu_order":0,"comment_status":"closed","ping_status":"closed","template":"","meta":{"_acf_changed":false,"site-sidebar-layout":"default","site-content-layout":"page-builder","ast-global-header-display":"","ast-main-header-display":"","ast-hfb-above-header-display":"","ast-hfb-below-header-display":"","ast-hfb-mobile-header-display":"","site-post-title":"disabled","ast-breadcrumbs-content":"","ast-featured-img":"disabled","footer-sml-layout":"","theme-transparent-header-meta":"enabled","adv-header-id-meta":"","stick-header-meta":"","header-above-stick-meta":"","header-main-stick-meta":"","header-below-stick-meta":"","footnotes":""},"class_list":["post-324","page","type-page","status-publish","hentry"],"acf":[],"yoast_head":"<!-- This site is optimized with the Yoast SEO plugin v27.0 - https:\/\/yoast.com\/product\/yoast-seo-wordpress\/ -->\n<title>My Account - Academy<\/title>\n<meta name=\"robots\" content=\"index, follow, max-snippet:-1, max-image-preview:large, max-video-preview:-1\" \/>\n<link rel=\"canonical\" href=\"https:\/\/academy.capturetheatlas.com\/es\/my-account\/\" \/>\n<meta property=\"og:locale\" content=\"es_ES\" \/>\n<meta property=\"og:type\" content=\"article\" \/>\n<meta property=\"og:title\" content=\"My Account - Academy\" \/>\n<meta property=\"og:description\" content=\"Mi cuenta Our Most Popular Courses Lorem ipsum dolor sit amet, consectetur adipiscing elit. Ut elit tellus, luctus nec ullamcorper mattis.\" \/>\n<meta property=\"og:url\" content=\"https:\/\/academy.capturetheatlas.com\/es\/my-account\/\" \/>\n<meta property=\"og:site_name\" content=\"Academy\" \/>\n<meta property=\"article:modified_time\" content=\"2021-06-11T11:37:13+00:00\" \/>\n<meta name=\"twitter:card\" content=\"summary_large_image\" \/>\n<meta name=\"twitter:label1\" content=\"Tiempo de lectura\" \/>\n\t<meta name=\"twitter:data1\" content=\"2 minutos\" \/>\n<script type=\"application\/ld+json\" class=\"yoast-schema-graph\">{\"@context\":\"https:\/\/schema.org\",\"@graph\":[{\"@type\":\"WebPage\",\"@id\":\"https:\/\/academy.capturetheatlas.com\/es\/my-account\/\",\"url\":\"https:\/\/academy.capturetheatlas.com\/es\/my-account\/\",\"name\":\"My Account - Academy\",\"isPartOf\":{\"@id\":\"https:\/\/academy.capturetheatlas.com\/es\/#website\"},\"datePublished\":\"2019-02-12T01:29:05+00:00\",\"dateModified\":\"2021-06-11T11:37:13+00:00\",\"breadcrumb\":{\"@id\":\"https:\/\/academy.capturetheatlas.com\/es\/my-account\/#breadcrumb\"},\"inLanguage\":\"es\",\"potentialAction\":[{\"@type\":\"ReadAction\",\"target\":[\"https:\/\/academy.capturetheatlas.com\/es\/my-account\/\"]}]},{\"@type\":\"BreadcrumbList\",\"@id\":\"https:\/\/academy.capturetheatlas.com\/es\/my-account\/#breadcrumb\",\"itemListElement\":[{\"@type\":\"ListItem\",\"position\":1,\"name\":\"Home\",\"item\":\"https:\/\/academy.capturetheatlas.com\/es\/\"},{\"@type\":\"ListItem\",\"position\":2,\"name\":\"My Account\"}]},{\"@type\":\"WebSite\",\"@id\":\"https:\/\/academy.capturetheatlas.com\/es\/#website\",\"url\":\"https:\/\/academy.capturetheatlas.com\/es\/\",\"name\":\"Capture the Atlas\",\"description\":\"academy capture the atlas\",\"publisher\":{\"@id\":\"https:\/\/academy.capturetheatlas.com\/es\/#organization\"},\"potentialAction\":[{\"@type\":\"SearchAction\",\"target\":{\"@type\":\"EntryPoint\",\"urlTemplate\":\"https:\/\/academy.capturetheatlas.com\/es\/?s={search_term_string}\"},\"query-input\":{\"@type\":\"PropertyValueSpecification\",\"valueRequired\":true,\"valueName\":\"search_term_string\"}}],\"inLanguage\":\"es\"},{\"@type\":\"Organization\",\"@id\":\"https:\/\/academy.capturetheatlas.com\/es\/#organization\",\"name\":\"Capture the Atlas\",\"url\":\"https:\/\/academy.capturetheatlas.com\/es\/\",\"logo\":{\"@type\":\"ImageObject\",\"inLanguage\":\"es\",\"@id\":\"https:\/\/academy.capturetheatlas.com\/es\/#\/schema\/logo\/image\/\",\"url\":\"https:\/\/academy.capturetheatlas.com\/wp-content\/uploads\/2024\/03\/cropped-cropped-White-background-CTA-logo-2024.png\",\"contentUrl\":\"https:\/\/academy.capturetheatlas.com\/wp-content\/uploads\/2024\/03\/cropped-cropped-White-background-CTA-logo-2024.png\",\"width\":512,\"height\":512,\"caption\":\"Capture the Atlas\"},\"image\":{\"@id\":\"https:\/\/academy.capturetheatlas.com\/es\/#\/schema\/logo\/image\/\"}}]}<\/script>\n<!-- \/ Yoast SEO plugin. -->","yoast_head_json":{"title":"My Account - Academy","robots":{"index":"index","follow":"follow","max-snippet":"max-snippet:-1","max-image-preview":"max-image-preview:large","max-video-preview":"max-video-preview:-1"},"canonical":"https:\/\/academy.capturetheatlas.com\/es\/my-account\/","og_locale":"es_ES","og_type":"article","og_title":"My Account - Academy","og_description":"Mi cuenta Our Most Popular Courses Lorem ipsum dolor sit amet, consectetur adipiscing elit. Ut elit tellus, luctus nec ullamcorper mattis.","og_url":"https:\/\/academy.capturetheatlas.com\/es\/my-account\/","og_site_name":"Academy","article_modified_time":"2021-06-11T11:37:13+00:00","twitter_card":"summary_large_image","twitter_misc":{"Tiempo de lectura":"2 minutos"},"schema":{"@context":"https:\/\/schema.org","@graph":[{"@type":"WebPage","@id":"https:\/\/academy.capturetheatlas.com\/es\/my-account\/","url":"https:\/\/academy.capturetheatlas.com\/es\/my-account\/","name":"My Account - Academy","isPartOf":{"@id":"https:\/\/academy.capturetheatlas.com\/es\/#website"},"datePublished":"2019-02-12T01:29:05+00:00","dateModified":"2021-06-11T11:37:13+00:00","breadcrumb":{"@id":"https:\/\/academy.capturetheatlas.com\/es\/my-account\/#breadcrumb"},"inLanguage":"es","potentialAction":[{"@type":"ReadAction","target":["https:\/\/academy.capturetheatlas.com\/es\/my-account\/"]}]},{"@type":"BreadcrumbList","@id":"https:\/\/academy.capturetheatlas.com\/es\/my-account\/#breadcrumb","itemListElement":[{"@type":"ListItem","position":1,"name":"Home","item":"https:\/\/academy.capturetheatlas.com\/es\/"},{"@type":"ListItem","position":2,"name":"My Account"}]},{"@type":"WebSite","@id":"https:\/\/academy.capturetheatlas.com\/es\/#website","url":"https:\/\/academy.capturetheatlas.com\/es\/","name":"Capture the Atlas","description":"academy capture the atlas","publisher":{"@id":"https:\/\/academy.capturetheatlas.com\/es\/#organization"},"potentialAction":[{"@type":"SearchAction","target":{"@type":"EntryPoint","urlTemplate":"https:\/\/academy.capturetheatlas.com\/es\/?s={search_term_string}"},"query-input":{"@type":"PropertyValueSpecification","valueRequired":true,"valueName":"search_term_string"}}],"inLanguage":"es"},{"@type":"Organization","@id":"https:\/\/academy.capturetheatlas.com\/es\/#organization","name":"Capture the Atlas","url":"https:\/\/academy.capturetheatlas.com\/es\/","logo":{"@type":"ImageObject","inLanguage":"es","@id":"https:\/\/academy.capturetheatlas.com\/es\/#\/schema\/logo\/image\/","url":"https:\/\/academy.capturetheatlas.com\/wp-content\/uploads\/2024\/03\/cropped-cropped-White-background-CTA-logo-2024.png","contentUrl":"https:\/\/academy.capturetheatlas.com\/wp-content\/uploads\/2024\/03\/cropped-cropped-White-background-CTA-logo-2024.png","width":512,"height":512,"caption":"Capture the Atlas"},"image":{"@id":"https:\/\/academy.capturetheatlas.com\/es\/#\/schema\/logo\/image\/"}}]}},"_links":{"self":[{"href":"https:\/\/academy.capturetheatlas.com\/es\/wp-json\/wp\/v2\/pages\/324","targetHints":{"allow":["GET"]}}],"collection":[{"href":"https:\/\/academy.capturetheatlas.com\/es\/wp-json\/wp\/v2\/pages"}],"about":[{"href":"https:\/\/academy.capturetheatlas.com\/es\/wp-json\/wp\/v2\/types\/page"}],"author":[{"embeddable":true,"href":"https:\/\/academy.capturetheatlas.com\/es\/wp-json\/wp\/v2\/users\/1"}],"replies":[{"embeddable":true,"href":"https:\/\/academy.capturetheatlas.com\/es\/wp-json\/wp\/v2\/comments?post=324"}],"version-history":[{"count":9,"href":"https:\/\/academy.capturetheatlas.com\/es\/wp-json\/wp\/v2\/pages\/324\/revisions"}],"predecessor-version":[{"id":25333,"href":"https:\/\/academy.capturetheatlas.com\/es\/wp-json\/wp\/v2\/pages\/324\/revisions\/25333"}],"wp:attachment":[{"href":"https:\/\/academy.capturetheatlas.com\/es\/wp-json\/wp\/v2\/media?parent=324"}],"curies":[{"name":"wp","href":"https:\/\/api.w.org\/{rel}","templated":true}]}}